{"id":98,"date":"2021-05-06T15:31:43","date_gmt":"2021-05-06T15:31:43","guid":{"rendered":"https:\/\/campus-tuebingen.de\/?page_id=98"},"modified":"2022-10-21T17:07:03","modified_gmt":"2022-10-21T17:07:03","slug":"werkstatt","status":"publish","type":"page","link":"https:\/\/akaflieg-tuebingen.de\/index.php\/verein\/werkstatt\/","title":{"rendered":"Werkstatt"},"content":{"rendered":"\n<div class=\"is-layout-flex wp-container-3 wp-block-columns\">\n<div class=\"is-layout-flow wp-block-column\" style=\"flex-basis:75%\">\n<p>F\u00fcr die Wartungs- und Pflegearbeiten an unseren Flugzeugen haben wir in T\u00fcbingen eine ger\u00e4umige und gut ausgestattete Werkstatt. Angeleitet von unseren erfahrenen und gut ausgebildeten Werkstattleitern f\u00fchren wir nach M\u00f6glichkeit alle Arbeiten und Reparaturen an unseren Flugeugen selbst aus. So haben wir die M\u00f6glichkeit unser Hobby kosteng\u00fcnstig zu gestalten. W\u00e4hrend den Wintermonaten treffen wir uns dort zwei mal in der Woche. Nach getaner Arbeit sind wir dann meist noch gem\u00fctlich in unserer kleinen Kneipe zusammen und lassen den Tag ausklingen.<br><\/p>\n\n\n\n<p>Wegbeschreibung:<br><\/p>\n\n\n\n<iframe src=\"https:\/\/www.google.com\/maps\/embed?pb=!1m18!1m12!1m3!1d2642.585491461147!2d9.025948120896858!3d48.52201027566219!2m3!1f0!2f0!3f0!3m2!1i1024!2i768!4f13.1!3m3!1m2!1s0x4799fb3475e0d9e1%3A0xf3c66fc9f4f55f7b!2sAkaflieg%20T%C3%BCbingen!5e0!3m2!1sde!2sde!4v1663138837274!5m2!1sde!2sde\" width=\"600\" height=\"450\" style=\"border:0;\" allowfullscreen=\"\" loading=\"lazy\" referrerpolicy=\"no-referrer-when-downgrade\"><\/iframe>\n\n\n\n<p><br>Wenn man von T\u00fcbingen Stadtmitte aus kommend auf der Herrenberger-\/Rheinlandstrasse in Richtung Unterjesingen f\u00e4hrt, findet man die Einfahrt zum Feldweg, der dann zu unserer Werkstatt f\u00fchrt, am besten. Dort wo die Rosentalstra\u00dfe rechts zum Aldi abgeht geht links dieser Feldweg ab. Dort einbiegen und dem Weg 100m weit folgen. Die Werkstatt liegt nun auf der rechten Seite (blaue Markierung).<\/p>\n<\/div>\n\n\n\n<div class=\"is-layout-flow wp-block-column\" style=\"flex-basis:33.33%\"><\/div>\n<\/div>\n","protected":false},"excerpt":{"rendered":"<p>F\u00fcr die Wartungs- und Pflegearbeiten an unseren Flugzeugen haben wir in T\u00fcbingen eine ger\u00e4umige und gut ausgestattete Werkstatt. Angeleitet von unseren erfahrenen und gut ausgebildeten Werkstattleitern f\u00fchren wir nach M\u00f6glichkeit alle Arbeiten und Reparaturen an unseren Flugeugen selbst aus. So haben wir die M\u00f6glichkeit unser Hobby kosteng\u00fcnstig zu gestalten. W\u00e4hrend den Wintermonaten treffen wir uns dort zwei mal in der Woche. Nach getaner Arbeit sind wir dann meist noch gem\u00fctlich in unserer kleinen Kneipe zusammen und lassen den Tag ausklingen. Wegbeschreibung: Wenn man von T\u00fcbingen Stadtmitte aus kommend auf der Herrenberger-\/Rheinlandstrasse in Richtung Unterjesingen f\u00e4hrt, findet man die Einfahrt zum Feldweg, der dann zu unserer Werkstatt f\u00fchrt, am besten. Dort wo die Rosentalstra\u00dfe rechts zum Aldi abgeht geht links dieser Feldweg ab. Dort einbiegen und dem Weg 100m weit folgen. Die Werkstatt liegt nun auf der rechten Seite (blaue Markierung).<\/p>\n","protected":false},"author":1,"featured_media":0,"parent":19,"menu_order":0,"comment_status":"closed","ping_status":"closed","template":"","meta":[],"acf":[],"_links":{"self":[{"href":"https:\/\/akaflieg-tuebingen.de\/index.php\/wp-json\/wp\/v2\/pages\/98"}],"collection":[{"href":"https:\/\/akaflieg-tuebingen.de\/index.php\/wp-json\/wp\/v2\/pages"}],"about":[{"href":"https:\/\/akaflieg-tuebingen.de\/index.php\/wp-json\/wp\/v2\/types\/page"}],"author":[{"embeddable":true,"href":"https:\/\/akaflieg-tuebingen.de\/index.php\/wp-json\/wp\/v2\/users\/1"}],"replies":[{"embeddable":true,"href":"https:\/\/akaflieg-tuebingen.de\/index.php\/wp-json\/wp\/v2\/comments?post=98"}],"version-history":[{"count":5,"href":"https:\/\/akaflieg-tuebingen.de\/index.php\/wp-json\/wp\/v2\/pages\/98\/revisions"}],"predecessor-version":[{"id":384,"href":"https:\/\/akaflieg-tuebingen.de\/index.php\/wp-json\/wp\/v2\/pages\/98\/revisions\/384"}],"up":[{"embeddable":true,"href":"https:\/\/akaflieg-tuebingen.de\/index.php\/wp-json\/wp\/v2\/pages\/19"}],"wp:attachment":[{"href":"https:\/\/akaflieg-tuebingen.de\/index.php\/wp-json\/wp\/v2\/media?parent=98"}],"curies":[{"name":"wp","href":"https:\/\/api.w.org\/{rel}","templated":true}]}}