{"id":96,"date":"2021-05-06T15:30:06","date_gmt":"2021-05-06T15:30:06","guid":{"rendered":"https:\/\/campus-tuebingen.de\/?page_id=96"},"modified":"2024-04-18T17:25:49","modified_gmt":"2024-04-18T17:25:49","slug":"flugplatz","status":"publish","type":"page","link":"https:\/\/akaflieg-tuebingen.de\/index.php\/flugplatz\/","title":{"rendered":"Flugplatz"},"content":{"rendered":"\n<p>Unser Segelfluggel\u00e4nde <a rel=\"noreferrer noopener\" href=\"http:\/\/www.fsvuebersberg.de\" target=\"_blank\">&#8222;\u00dcbersberg&#8220;<\/a> ist in der N\u00e4he von Pfullingen. Wunderbar gelegen auf der Schw\u00e4bischen Alb, in 780m \u00fcNN, ist der \u00dcbersberg nicht nur ein Eldorado f\u00fcr Biker und Wanderer sondern durch seine gute thermische Lage geradezu ideal f\u00fcr uns Segelflieger.<br>Der \u00dcbersberg bietet mit seinen zwei gro\u00dfen Start- und Landebahnen den vier, in der <a rel=\"noreferrer noopener\" href=\"http:\/\/www.fsvuebersberg.de\" target=\"_blank\">FSV\u00dc<\/a> (Flugsportvereinigung \u00dcbersberg) zusammengeschlossenen Segelflugvereinen gen\u00fcgend Raum. Auch die N\u00e4he zum Stuttgarter Flughafen stellt f\u00fcr uns dank einer guten Sektorenregelung keine wesentliche Einschr\u00e4nkung dar.<br><br>Anfahrt: In Pfullingen f\u00e4hrt man von Reutlingen kommend an der Kirche links, danach durchs Wohngebiet den Berg hinauf und anschlie\u00dfend noch 8 Km bergw\u00e4rts durch den Wald, immer den Schildern &#8222;\u00dcbersberg&#8220;\/&#8220;\u00dcbersberger Hof&#8220; folgend.<\/p>\n\n\n\n<div class=\"is-layout-flex wp-container-3 wp-block-columns\">\n<div class=\"is-layout-flow wp-block-column\">\n<p><em>Daten zum Segelfluggel\u00e4nde &#8222;\u00dcbersberg&#8220;:<\/em><\/p>\n\n\n\n<p>Koordinaten: 48\u00b0 27&#8242; 33&#8243; Nord, 09\u00b0 17&#8242; 50&#8243; Ost<br>H\u00f6he: 780m = 2559ft MSL<br>\u00dcbersberg Radio: 119.435 MHz<br>\u00d6ffnungszeiten: PPR<br>Flugleitung: Tel.: 07121\/81861<br>Grasbahn: 1020m<br>Startbahn: 26 1020x30m<br>Startbahn: 08 785x30m<br>Landebahn: 26 780x30m<br>Landebahn: 08 790x30m<\/p>\n\n\n\n<p><em>Alle Angaben ohne Gew\u00e4hr<\/em><\/p>\n<\/div>\n\n\n\n<div class=\"is-layout-flow wp-block-column\">\n<figure class=\"wp-block-image size-large\"><img decoding=\"async\" loading=\"lazy\" width=\"1024\" height=\"696\" src=\"https:\/\/akaflieg-tuebingen.de\/wp-content\/uploads\/2024\/04\/IMG-20240221-WA0005-1024x696.jpg\" alt=\"\" class=\"wp-image-498\" srcset=\"https:\/\/akaflieg-tuebingen.de\/wp-content\/uploads\/2024\/04\/IMG-20240221-WA0005-1024x696.jpg 1024w, https:\/\/akaflieg-tuebingen.de\/wp-content\/uploads\/2024\/04\/IMG-20240221-WA0005-300x204.jpg 300w, https:\/\/akaflieg-tuebingen.de\/wp-content\/uploads\/2024\/04\/IMG-20240221-WA0005-768x522.jpg 768w, https:\/\/akaflieg-tuebingen.de\/wp-content\/uploads\/2024\/04\/IMG-20240221-WA0005-1536x1044.jpg 1536w, https:\/\/akaflieg-tuebingen.de\/wp-content\/uploads\/2024\/04\/IMG-20240221-WA0005-1140x774.jpg 1140w, https:\/\/akaflieg-tuebingen.de\/wp-content\/uploads\/2024\/04\/IMG-20240221-WA0005.jpg 1600w\" sizes=\"(max-width: 1024px) 100vw, 1024px\" \/><\/figure>\n<\/div>\n<\/div>\n","protected":false},"excerpt":{"rendered":"<p>Unser Segelfluggel\u00e4nde &#8222;\u00dcbersberg&#8220; ist in der N\u00e4he von Pfullingen. Wunderbar gelegen auf der Schw\u00e4bischen Alb, in 780m \u00fcNN, ist der \u00dcbersberg nicht nur ein Eldorado f\u00fcr Biker und Wanderer sondern durch seine gute thermische Lage geradezu ideal f\u00fcr uns Segelflieger.Der \u00dcbersberg bietet mit seinen zwei gro\u00dfen Start- und Landebahnen den vier, in der FSV\u00dc (Flugsportvereinigung \u00dcbersberg) zusammengeschlossenen Segelflugvereinen gen\u00fcgend Raum. Auch die N\u00e4he zum Stuttgarter Flughafen stellt f\u00fcr uns dank einer guten Sektorenregelung keine wesentliche Einschr\u00e4nkung dar. Anfahrt: In Pfullingen f\u00e4hrt man von Reutlingen kommend an der Kirche links, danach durchs Wohngebiet den Berg hinauf und anschlie\u00dfend noch 8 Km bergw\u00e4rts durch den Wald, immer den Schildern &#8222;\u00dcbersberg&#8220;\/&#8220;\u00dcbersberger Hof&#8220; folgend. Daten zum Segelfluggel\u00e4nde &#8222;\u00dcbersberg&#8220;: Koordinaten: 48\u00b0 27&#8242; 33&#8243; Nord, 09\u00b0 17&#8242; 50&#8243; OstH\u00f6he: 780m = 2559ft MSL\u00dcbersberg Radio: 119.435 MHz\u00d6ffnungszeiten: PPRFlugleitung: Tel.: 07121\/81861Grasbahn: 1020mStartbahn: 26 1020x30mStartbahn: 08 785x30mLandebahn: 26 780x30mLandebahn: 08 790x30m Alle Angaben ohne Gew\u00e4hr<\/p>\n","protected":false},"author":1,"featured_media":0,"parent":0,"menu_order":0,"comment_status":"closed","ping_status":"closed","template":"","meta":[],"acf":[],"_links":{"self":[{"href":"https:\/\/akaflieg-tuebingen.de\/index.php\/wp-json\/wp\/v2\/pages\/96"}],"collection":[{"href":"https:\/\/akaflieg-tuebingen.de\/index.php\/wp-json\/wp\/v2\/pages"}],"about":[{"href":"https:\/\/akaflieg-tuebingen.de\/index.php\/wp-json\/wp\/v2\/types\/page"}],"author":[{"embeddable":true,"href":"https:\/\/akaflieg-tuebingen.de\/index.php\/wp-json\/wp\/v2\/users\/1"}],"replies":[{"embeddable":true,"href":"https:\/\/akaflieg-tuebingen.de\/index.php\/wp-json\/wp\/v2\/comments?post=96"}],"version-history":[{"count":7,"href":"https:\/\/akaflieg-tuebingen.de\/index.php\/wp-json\/wp\/v2\/pages\/96\/revisions"}],"predecessor-version":[{"id":505,"href":"https:\/\/akaflieg-tuebingen.de\/index.php\/wp-json\/wp\/v2\/pages\/96\/revisions\/505"}],"wp:attachment":[{"href":"https:\/\/akaflieg-tuebingen.de\/index.php\/wp-json\/wp\/v2\/media?parent=96"}],"curies":[{"name":"wp","href":"https:\/\/api.w.org\/{rel}","templated":true}]}}