{"id":67,"date":"2021-05-06T14:45:15","date_gmt":"2021-05-06T14:45:15","guid":{"rendered":"https:\/\/campus-tuebingen.de\/?page_id=67"},"modified":"2025-04-11T10:20:43","modified_gmt":"2025-04-11T10:20:43","slug":"allgemeines","status":"publish","type":"page","link":"https:\/\/akaflieg-tuebingen.de\/index.php\/allgemeines\/","title":{"rendered":"Allgemeines"},"content":{"rendered":"\n<div class=\"is-layout-flex wp-container-3 wp-block-columns\">\n<div class=\"is-layout-flow wp-block-column\" style=\"flex-basis:80%\">\n<h3>Entstehung<\/h3>\n\n\n\n<p>Die Akaflieg T\u00fcbingen wurde in den 50er Jahren von segelflugbegeisterten Studenten gegr\u00fcndet und war bis in die 60er Jahre an das Sportinstitut der Universit\u00e4t T\u00fcbingen angegliedert. Die Akaflieg T\u00fcbingen ist seit 1962 ein eigenst\u00e4ndiger Verein und im T\u00fcbinger Vereinsregister eingetragen. Der Begriff Akaflieg T\u00fcbingen kommt von &#8222;Akademische Fliegergruppe T\u00fcbingen&#8220;. Allerdings sind wir keine typische Akaflieg mehr <a rel=\"noreferrer noopener\" href=\"http:\/\/de.wikipedia.org\/wiki\/Akaflieg\" target=\"_blank\">(Wikipedia: Akaflieg)<\/a>. Deshalb muss man auch nicht Student sein, um bei uns Mitglied zu werden.<\/p>\n\n\n\n<h3>Flugzeuge<\/h3>\n\n\n\n<p>Aktuell besteht unser Flugzeugpark aus vier Segelflugzeugen und einem Ultraleichtflugzeug. Im Gegensatz zu anderen Akafliegs konstruieren oder bauen wir keine eigenen Flugzeuge.<\/p>\n\n\n\n<h3>Ausbildung<\/h3>\n\n\n\n<p>Die komplette Ausbildung wird bei uns im Verein durchgef\u00fchrt. Unsere ehrenamtlichen Fluglehrer sorgen daf\u00fcr, dass aus Fu\u00dfg\u00e4ngern Segelflieger werden. Flugsch\u00fcler machen ihre ersten doppelsitzigen Fl\u00fcge mit der ASK 21. Wenn dann die ersten Alleinfl\u00fcge erfolgt sind, wird auf unsere Ka8 umgestiegen. <\/p>\n\n\n\n<h3>Flugplatz<\/h3>\n\n\n\n<p>Unser Flugplatz ist der \u00dcbersberg auf der Schw\u00e4bischen Alb oberhalb von Pfullingen. Den Flugplatz teilen wir uns mit drei anderen Segelflugvereinen. <\/p>\n\n\n\n<h3>Werkstatt<\/h3>\n\n\n\n<p>Um das Fliegen so g\u00fcnstig wie m\u00f6glich zu gestalten, f\u00fchren wir Wartungsarbeiten, Reparaturen und Pflege selbst aus. Dazu haben wir in T\u00fcbingen eine moderne Werkstatt, in der wir uns im Winter treffen, um an den Flugzeugen zu arbeiten und\/oder ein Bierchen zu trinken.<\/p>\n<\/div>\n\n\n\n<div class=\"is-layout-flow wp-block-column\" style=\"flex-basis:20.3%\">\n<figure class=\"wp-block-image size-large\"><img decoding=\"async\" loading=\"lazy\" width=\"1003\" height=\"752\" src=\"https:\/\/campus-tuebingen.de\/wp-content\/uploads\/2021\/05\/img_5910_2.jpg\" alt=\"\" class=\"wp-image-68\" srcset=\"https:\/\/akaflieg-tuebingen.de\/wp-content\/uploads\/2021\/05\/img_5910_2.jpg 1003w, https:\/\/akaflieg-tuebingen.de\/wp-content\/uploads\/2021\/05\/img_5910_2-300x225.jpg 300w, https:\/\/akaflieg-tuebingen.de\/wp-content\/uploads\/2021\/05\/img_5910_2-768x576.jpg 768w\" sizes=\"(max-width: 1003px) 100vw, 1003px\" \/><\/figure>\n\n\n\n<figure class=\"wp-block-image size-large\"><img decoding=\"async\" loading=\"lazy\" width=\"1024\" height=\"683\" src=\"https:\/\/campus-tuebingen.de\/wp-content\/uploads\/2021\/05\/IMG_8194_2-1024x683.jpg\" alt=\"\" class=\"wp-image-75\" srcset=\"https:\/\/akaflieg-tuebingen.de\/wp-content\/uploads\/2021\/05\/IMG_8194_2-1024x683.jpg 1024w, https:\/\/akaflieg-tuebingen.de\/wp-content\/uploads\/2021\/05\/IMG_8194_2-300x200.jpg 300w, https:\/\/akaflieg-tuebingen.de\/wp-content\/uploads\/2021\/05\/IMG_8194_2-768x512.jpg 768w, https:\/\/akaflieg-tuebingen.de\/wp-content\/uploads\/2021\/05\/IMG_8194_2.jpg 1127w\" sizes=\"(max-width: 1024px) 100vw, 1024px\" \/><\/figure>\n<\/div>\n<\/div>\n","protected":false},"excerpt":{"rendered":"<p>Entstehung Die Akaflieg T\u00fcbingen wurde in den 50er Jahren von segelflugbegeisterten Studenten gegr\u00fcndet und war bis in die 60er Jahre an das Sportinstitut der Universit\u00e4t T\u00fcbingen angegliedert. Die Akaflieg T\u00fcbingen ist seit 1962 ein eigenst\u00e4ndiger Verein und im T\u00fcbinger Vereinsregister eingetragen. Der Begriff Akaflieg T\u00fcbingen kommt von &#8222;Akademische Fliegergruppe T\u00fcbingen&#8220;. Allerdings sind wir keine typische Akaflieg mehr (Wikipedia: Akaflieg). Deshalb muss man auch nicht Student sein, um bei uns Mitglied zu werden. Flugzeuge Aktuell besteht unser Flugzeugpark aus vier Segelflugzeugen und einem Ultraleichtflugzeug. Im Gegensatz zu anderen Akafliegs konstruieren oder bauen wir keine eigenen Flugzeuge. Ausbildung Die komplette Ausbildung wird bei uns im Verein durchgef\u00fchrt. Unsere ehrenamtlichen Fluglehrer sorgen daf\u00fcr, dass aus Fu\u00dfg\u00e4ngern Segelflieger werden. Flugsch\u00fcler machen ihre ersten doppelsitzigen Fl\u00fcge mit der ASK 21. Wenn dann die ersten Alleinfl\u00fcge erfolgt sind, wird auf unsere Ka8 umgestiegen. Flugplatz Unser Flugplatz ist der \u00dcbersberg auf der Schw\u00e4bischen Alb oberhalb von Pfullingen. Den Flugplatz teilen wir uns mit drei anderen Segelflugvereinen. Werkstatt Um das Fliegen so g\u00fcnstig wie m\u00f6glich zu gestalten, f\u00fchren wir Wartungsarbeiten, Reparaturen und Pflege selbst aus. Dazu haben wir in T\u00fcbingen eine moderne Werkstatt, in der wir uns im Winter treffen, um an den Flugzeugen zu arbeiten und\/oder ein Bierchen zu trinken.<\/p>\n","protected":false},"author":1,"featured_media":0,"parent":0,"menu_order":0,"comment_status":"closed","ping_status":"closed","template":"","meta":[],"acf":[],"_links":{"self":[{"href":"https:\/\/akaflieg-tuebingen.de\/index.php\/wp-json\/wp\/v2\/pages\/67"}],"collection":[{"href":"https:\/\/akaflieg-tuebingen.de\/index.php\/wp-json\/wp\/v2\/pages"}],"about":[{"href":"https:\/\/akaflieg-tuebingen.de\/index.php\/wp-json\/wp\/v2\/types\/page"}],"author":[{"embeddable":true,"href":"https:\/\/akaflieg-tuebingen.de\/index.php\/wp-json\/wp\/v2\/users\/1"}],"replies":[{"embeddable":true,"href":"https:\/\/akaflieg-tuebingen.de\/index.php\/wp-json\/wp\/v2\/comments?post=67"}],"version-history":[{"count":10,"href":"https:\/\/akaflieg-tuebingen.de\/index.php\/wp-json\/wp\/v2\/pages\/67\/revisions"}],"predecessor-version":[{"id":538,"href":"https:\/\/akaflieg-tuebingen.de\/index.php\/wp-json\/wp\/v2\/pages\/67\/revisions\/538"}],"wp:attachment":[{"href":"https:\/\/akaflieg-tuebingen.de\/index.php\/wp-json\/wp\/v2\/media?parent=67"}],"curies":[{"name":"wp","href":"https:\/\/api.w.org\/{rel}","templated":true}]}}