{"id":61,"date":"2021-05-06T10:50:24","date_gmt":"2021-05-06T10:50:24","guid":{"rendered":"https:\/\/campus-tuebingen.de\/?page_id=61"},"modified":"2023-02-12T10:50:38","modified_gmt":"2023-02-12T10:50:38","slug":"impressum","status":"publish","type":"page","link":"https:\/\/akaflieg-tuebingen.de\/index.php\/impressum\/","title":{"rendered":"Impressum"},"content":{"rendered":"\n<h2>Akademische Fliegergruppe an der Universit\u00e4t T\u00fcbingen (AKA-FLIEG T\u00fcbingen) e.V.<\/h2>\n\n\n\n<p>1. Vorstand: Pirmin Schneider<\/p>\n\n\n\n<p>2. Vorstand: Gabor Conrad<\/p>\n\n\n\n<p>Am Weilersbach 72070 T\u00fcbingen<br>Tel. 07071\/49838<br><br><a href=\"mailto:vorstand@akaflieg-tuebingen.de\">vorstand[at]akaflieg-tuebingen.de<\/a><br>Vereinsregister: Amtsgericht Stuttgart VR 380164<\/p>\n\n\n\n<p>Bank: Kreissparkasse T\u00fcbingen<br>IBAN: DE63 6415 0020 0000 0639 99<br>SWIFT-BIC: SOLADES1TUB<\/p>\n\n\n\n<h2>Gestaltung &amp; Programmierung:<\/h2>\n\n\n\n<p><strong>webmaster:<\/strong><\/p>\n\n\n\n<p>Markus V\u00f6llm<br>N\u00fcrtinger Str. 19\/1<br>72074 T\u00fcbingen<br>E-Mail: <a href=\"http:\/\/akaflieg-tuebingen.de\/akatue\/content\/aka.php?mode=3#\">webmasterakaflieg-tuebingen.de<\/a><\/p>\n\n\n\n<h2>rechtliche Hinweise\/Haftungsausschluss:<\/h2>\n\n\n\n<p><strong>Urheberrecht&nbsp;<\/strong><br>Der Inhalt dieser Internet-Site geh\u00f6rt zum Eigentum der AKA-Flieg T\u00fcbingen e.V. und ist gesch\u00fctzt. Jeglicher Inhalt auf dieser Internet-Site darf ausschlie\u00dflich f\u00fcr den pers\u00f6nlichen Gebrauch und f\u00fcr nicht-gewerbliche Zwecke \u00fcbernommen und genutzt werden. Dar\u00fcber-hinausgehende \u00c4nderungen, Vervielf\u00e4ltigungen, Kopien oder Nutzungen jeglichen Inhaltes dieser Internet-Site sind ohne die schriftliche Einwilligung des Urhebers verboten. Missbrauch wird urheberrechtlich eingeklagt.<\/p>\n\n\n\n<p><strong>Inhalt&nbsp;<\/strong><br>Die AKA-Flieg T\u00fcbingen e.V.&nbsp;unternimmt gro\u00dfe Anstrengungen, aktuelle und korrekte Informationen auf dieser Internet-Site zur Verf\u00fcgung zu stellen. Die AKA-Flieg T\u00fcbingen e.V. gibt jedoch keine Versicherung, Garantie oder Zusage im Hinblick auf Richtigkeit, Genauigkeit, Aktualit\u00e4t oder Vollst\u00e4ndigkeit der gegebenen Informationen. Die AKA-Flieg T\u00fcbingen e.V. haftet nicht f\u00fcr Sch\u00e4den, die daraus entstanden sind, dass jemand auf die mit dieser Internet-Site zur Verf\u00fcgung gestellten Informationen vertraut hat. Die WWW-Seiten der AKA-Flieg T\u00fcbingen e.V., enthalten auch Informationen, die von Dritten stammen. Sofern m\u00f6glich, wurde stets die Quelle derartiger Informationen angegeben. Meinungen, die darin zum Ausdruck kommen, entsprechen jedoch nicht zwangsl\u00e4ufig denjenigen der AKA-Flieg T\u00fcbingen e.V.<\/p>\n\n\n\n<p><strong>Links&nbsp;<\/strong><br>Die im Rahmen dieser Website erscheinenden Links sind lediglich ein Serviceangebot der AKA-Flieg T\u00fcbingen e.V.&nbsp; Aus der geltenden Rechtsprechung geht hervor, dass der Betreiber einer Homepage ggf. die Inhalte von verlinkten Seiten mit zu verantworten hat. Dies kann nur dadurch verhindert werden, dass man sich ausdr\u00fccklich von deren Inhalten distanziert. Deshalb: &#8222;Hiermit distanziert sich die AKA-Flieg T\u00fcbingen e.V. ausdr\u00fccklich von den Inhalten der von uns verlinkten Seiten. Deren Inhalte werden ausschlie\u00dflich vom jeweiligen Betreiber allein verantwortet. Sie geben weder unbedingt die Meinung der AKA-Flieg T\u00fcbingen e.V. wieder, noch macht sich die AKA-Flieg T\u00fcbingen e.V. diese Meinungen unbedingt zu eigen.&#8220;<\/p>\n\n\n\n<p><strong>Intern&nbsp;<\/strong><br>F\u00fcr die aktive Nutzung der Inhalte Intern, ist eine Registrierung notwendig. Die dabei gespeicherten Daten k\u00f6nnen ausschlie\u00dflich von Mitglieder der AKA-Flieg T\u00fcbingen e.V. eingesehen werden, Dritte haben keine M\u00f6glichkeit zur Nutzung. Daten dienen ausschlie\u00dflich zur Nutzung der Mitglieder der AKA-Flieg T\u00fcbingen e.V. Keinesfalls werden Daten von der AKA-Flieg T\u00fcbingen e.V. an Dritte weitergeben.&nbsp;<br>&nbsp;<br><strong>Auskunftsrecht&nbsp;<\/strong><br>Als registrierter Nutzer geben wir Ihnen nat\u00fcrlich jederzeit kostenlos Auskunft, welche Daten wir von Ihnen erfasst haben. Wenden Sie sich bei Interesse bitte an vorstand[at]<a rel=\"noreferrer noopener\" href=\"http:\/\/akaflieg-tuebingen.de\/\" target=\"_blank\">akaflieg-tuebingen.de<\/a>.<\/p>\n\n\n\n<p><strong>L\u00f6schung&nbsp;<\/strong><br>Auf Wunsch l\u00f6schen wir Ihre Daten vollst\u00e4ndig und unverz\u00fcglich. Wenden Sie sich hierzu bitte ebenfalls an vorstand[at]<a href=\"http:\/\/akaflieg-tuebingen.de\/\" target=\"_blank\" rel=\"noreferrer noopener\">akaflieg-tuebingen.de<\/a>. \u00dcber eine erfolgte L\u00f6schung informieren wir Sie auf Wunsch gerne.<\/p>\n","protected":false},"excerpt":{"rendered":"<p>Akademische Fliegergruppe an der Universit\u00e4t T\u00fcbingen (AKA-FLIEG T\u00fcbingen) e.V. 1. Vorstand: Pirmin Schneider 2. Vorstand: Gabor Conrad Am Weilersbach 72070 T\u00fcbingenTel. 07071\/49838 vorstand[at]akaflieg-tuebingen.deVereinsregister: Amtsgericht Stuttgart VR 380164 Bank: Kreissparkasse T\u00fcbingenIBAN: DE63 6415 0020 0000 0639 99SWIFT-BIC: SOLADES1TUB Gestaltung &amp; Programmierung: webmaster: Markus V\u00f6llmN\u00fcrtinger Str. 19\/172074 T\u00fcbingenE-Mail: webmasterakaflieg-tuebingen.de rechtliche Hinweise\/Haftungsausschluss: Urheberrecht&nbsp;Der Inhalt dieser Internet-Site geh\u00f6rt zum Eigentum der AKA-Flieg T\u00fcbingen e.V. und ist gesch\u00fctzt. Jeglicher Inhalt auf dieser Internet-Site darf ausschlie\u00dflich f\u00fcr den pers\u00f6nlichen Gebrauch und f\u00fcr nicht-gewerbliche Zwecke \u00fcbernommen und genutzt werden. Dar\u00fcber-hinausgehende \u00c4nderungen, Vervielf\u00e4ltigungen, Kopien oder Nutzungen jeglichen Inhaltes dieser Internet-Site sind ohne die schriftliche Einwilligung des Urhebers verboten. Missbrauch wird urheberrechtlich eingeklagt. Inhalt&nbsp;Die AKA-Flieg T\u00fcbingen e.V.&nbsp;unternimmt gro\u00dfe Anstrengungen, aktuelle und korrekte Informationen auf dieser Internet-Site zur Verf\u00fcgung zu stellen. Die AKA-Flieg T\u00fcbingen e.V. gibt jedoch keine Versicherung, Garantie oder Zusage im Hinblick auf Richtigkeit, Genauigkeit, Aktualit\u00e4t oder Vollst\u00e4ndigkeit der gegebenen Informationen. Die AKA-Flieg T\u00fcbingen e.V. haftet nicht f\u00fcr Sch\u00e4den, die daraus entstanden sind, dass jemand auf die mit dieser Internet-Site zur Verf\u00fcgung gestellten Informationen vertraut hat. Die WWW-Seiten der AKA-Flieg T\u00fcbingen e.V., enthalten auch Informationen, die von Dritten stammen. Sofern m\u00f6glich, wurde stets die Quelle derartiger Informationen angegeben. Meinungen, die darin zum Ausdruck kommen, entsprechen jedoch nicht zwangsl\u00e4ufig denjenigen der AKA-Flieg T\u00fcbingen e.V. Links&nbsp;Die im Rahmen dieser Website erscheinenden Links sind lediglich ein Serviceangebot der AKA-Flieg T\u00fcbingen e.V.&nbsp; Aus der geltenden Rechtsprechung geht hervor, dass der Betreiber einer Homepage ggf. die Inhalte von verlinkten Seiten mit zu verantworten hat. Dies kann nur dadurch verhindert werden, dass man sich ausdr\u00fccklich von deren Inhalten distanziert. Deshalb: &#8222;Hiermit distanziert sich die AKA-Flieg T\u00fcbingen e.V. ausdr\u00fccklich von den Inhalten der von uns verlinkten Seiten. Deren Inhalte werden ausschlie\u00dflich vom jeweiligen Betreiber allein verantwortet. Sie geben weder unbedingt die Meinung der AKA-Flieg T\u00fcbingen e.V. wieder, noch macht sich die AKA-Flieg T\u00fcbingen e.V. diese Meinungen unbedingt zu eigen.&#8220; Intern&nbsp;F\u00fcr die aktive Nutzung der Inhalte Intern, ist eine Registrierung notwendig. Die dabei gespeicherten Daten k\u00f6nnen ausschlie\u00dflich von Mitglieder der AKA-Flieg T\u00fcbingen e.V. eingesehen werden, Dritte haben keine M\u00f6glichkeit zur Nutzung. Daten dienen ausschlie\u00dflich zur Nutzung der Mitglieder der AKA-Flieg T\u00fcbingen e.V. Keinesfalls werden Daten von der AKA-Flieg T\u00fcbingen e.V. an Dritte weitergeben.&nbsp;&nbsp;Auskunftsrecht&nbsp;Als registrierter Nutzer geben wir Ihnen nat\u00fcrlich jederzeit kostenlos Auskunft, welche Daten wir von Ihnen erfasst haben. Wenden Sie sich bei Interesse bitte an vorstand[at]akaflieg-tuebingen.de. L\u00f6schung&nbsp;Auf Wunsch l\u00f6schen wir Ihre Daten vollst\u00e4ndig und unverz\u00fcglich. Wenden Sie sich hierzu bitte ebenfalls an vorstand[at]akaflieg-tuebingen.de. \u00dcber eine erfolgte L\u00f6schung informieren wir Sie auf Wunsch gerne.<\/p>\n","protected":false},"author":1,"featured_media":0,"parent":0,"menu_order":0,"comment_status":"closed","ping_status":"closed","template":"","meta":[],"acf":[],"_links":{"self":[{"href":"https:\/\/akaflieg-tuebingen.de\/index.php\/wp-json\/wp\/v2\/pages\/61"}],"collection":[{"href":"https:\/\/akaflieg-tuebingen.de\/index.php\/wp-json\/wp\/v2\/pages"}],"about":[{"href":"https:\/\/akaflieg-tuebingen.de\/index.php\/wp-json\/wp\/v2\/types\/page"}],"author":[{"embeddable":true,"href":"https:\/\/akaflieg-tuebingen.de\/index.php\/wp-json\/wp\/v2\/users\/1"}],"replies":[{"embeddable":true,"href":"https:\/\/akaflieg-tuebingen.de\/index.php\/wp-json\/wp\/v2\/comments?post=61"}],"version-history":[{"count":4,"href":"https:\/\/akaflieg-tuebingen.de\/index.php\/wp-json\/wp\/v2\/pages\/61\/revisions"}],"predecessor-version":[{"id":387,"href":"https:\/\/akaflieg-tuebingen.de\/index.php\/wp-json\/wp\/v2\/pages\/61\/revisions\/387"}],"wp:attachment":[{"href":"https:\/\/akaflieg-tuebingen.de\/index.php\/wp-json\/wp\/v2\/media?parent=61"}],"curies":[{"name":"wp","href":"https:\/\/api.w.org\/{rel}","templated":true}]}}