{"id":33,"date":"2021-02-10T17:58:02","date_gmt":"2021-02-10T17:58:02","guid":{"rendered":"https:\/\/campus-tuebingen.de\/?page_id=33"},"modified":"2026-03-25T13:39:48","modified_gmt":"2026-03-25T13:39:48","slug":"unser-flugzeugpark","status":"publish","type":"page","link":"https:\/\/akaflieg-tuebingen.de\/index.php\/unser-flugzeugpark\/","title":{"rendered":"Flugzeuge"},"content":{"rendered":"\n<div class=\"is-layout-flex wp-container-3 wp-block-columns\">\n<div class=\"is-layout-flow wp-block-column\" style=\"flex-basis:75%\">\n<h3>DuoDiscus XLT<\/h3>\n\n\n\n<p>Der Duo-Discus XLT ist unser Hochleistungsdoppelsitzer f\u00fcr Streckenfl\u00fcge und \u00dcberlandschulung. Mit eingebauter Heimkehrhilfe und viel Platz im Cockpit l\u00e4dt er zu ausgedehnten Fl\u00fcgen ein. An guten Tagen fliegt unser Duo auch mal \u00fcber 1000km!<\/p>\n\n\n\n<p><em>Hersteller: <\/em>Schempp-Hirth Flugzeugbau<\/p>\n\n\n\n<h4><em>Technische Daten <\/em>DuoDiscus XLT<em> &#8222;UE&#8220;:<\/em><\/h4>\n\n\n\n<figure class=\"wp-block-table is-style-stripes\"><table><tbody><tr><td>Baujahr<\/td><td>2019<\/td><\/tr><tr><td>Bauweise<\/td><td>Faserverbund<\/td><\/tr><tr><td>Spannweite<\/td><td>20m<\/td><\/tr><tr><td>Leermasse<\/td><td>410kg<\/td><\/tr><tr><td>max. Flugmasse<\/td><td>700kg<\/td><\/tr><tr><td>H\u00f6chstgeschwindigkeit<\/td><td>250 km\/h<\/td><\/tr><tr><td>beste Gleitzahl<\/td><td>45<\/td><\/tr><tr><td>geringste Sinkgeschwindigkeit<\/td><td>0,58 m\/s<\/td><\/tr><\/tbody><\/table><\/figure>\n<\/div>\n\n\n\n<div class=\"is-layout-flow wp-block-column\" style=\"flex-basis:25%\">\n<figure class=\"wp-block-image size-large is-resized\"><img decoding=\"async\" loading=\"lazy\" src=\"https:\/\/akaflieg-tuebingen.de\/wp-content\/uploads\/2024\/04\/DSCF5022-1024x683.jpeg\" alt=\"\" class=\"wp-image-455\" width=\"370\" height=\"247\" srcset=\"https:\/\/akaflieg-tuebingen.de\/wp-content\/uploads\/2024\/04\/DSCF5022-1024x683.jpeg 1024w, https:\/\/akaflieg-tuebingen.de\/wp-content\/uploads\/2024\/04\/DSCF5022-300x200.jpeg 300w, https:\/\/akaflieg-tuebingen.de\/wp-content\/uploads\/2024\/04\/DSCF5022-768x512.jpeg 768w, https:\/\/akaflieg-tuebingen.de\/wp-content\/uploads\/2024\/04\/DSCF5022-1536x1024.jpeg 1536w, https:\/\/akaflieg-tuebingen.de\/wp-content\/uploads\/2024\/04\/DSCF5022-2048x1365.jpeg 2048w, https:\/\/akaflieg-tuebingen.de\/wp-content\/uploads\/2024\/04\/DSCF5022-1140x760.jpeg 1140w\" sizes=\"(max-width: 370px) 100vw, 370px\" \/><\/figure>\n<\/div>\n<\/div>\n\n\n\n<hr class=\"wp-block-separator has-css-opacity is-style-wide\"\/>\n\n\n\n<div class=\"is-layout-flex wp-container-6 wp-block-columns\">\n<div class=\"is-layout-flow wp-block-column\" style=\"flex-basis:75%\">\n<h3>ASK 21<\/h3>\n\n\n\n<p>Die &#8222;21&#8220; ist bei uns als Arbeitstier f\u00fcr Schulung, Kunstflug und Gastfl\u00fcge im Einsatz. Ihre angenehm einfachen Flugeigenschaften machen sie auch bei erfahrenen Piloten zu einem beliebten Flugzeug f\u00fcr Spa\u00dffl\u00fcge. Mit \u00fcber 900 gebauten Exemplaren geh\u00f6rt sie zu den erfolgreichsten Schulflugzeugen und ist auf fast jedem Segelflugplatz zu finden.<\/p>\n\n\n\n<p><em>Hersteller: <\/em>Alexander Schleicher Segelflugzeugbau<\/p>\n\n\n\n<h4><em>Technische Daten <\/em>ASK21<em> &#8222;A3&#8220;:<\/em><\/h4>\n\n\n\n<figure class=\"wp-block-table is-style-stripes\"><table><tbody><tr><td>Baujahr<\/td><td>19xx<\/td><\/tr><tr><td>Bauweise<\/td><td>Faserverbund<\/td><\/tr><tr><td>Spannweite<\/td><td>17m<\/td><\/tr><tr><td>Leermasse<\/td><td>360kg<\/td><\/tr><tr><td>max. Flugmasse<\/td><td>600kg<\/td><\/tr><tr><td>H\u00f6chstgeschwindigkeit<\/td><td>280 km\/h<\/td><\/tr><tr><td>beste Gleitzahl<\/td><td>33,5<\/td><\/tr><tr><td>geringste Sinkgeschwindigkeit<\/td><td>0,65 m\/s<\/td><\/tr><\/tbody><\/table><\/figure>\n<\/div>\n\n\n\n<div class=\"is-layout-flow wp-block-column\" style=\"flex-basis:25%\">\n<figure class=\"wp-block-image size-large\"><img decoding=\"async\" loading=\"lazy\" width=\"1024\" height=\"758\" src=\"https:\/\/akaflieg-tuebingen.de\/wp-content\/uploads\/2022\/09\/A3-1024x758.jpg\" alt=\"\" class=\"wp-image-188\" srcset=\"https:\/\/akaflieg-tuebingen.de\/wp-content\/uploads\/2022\/09\/A3-1024x758.jpg 1024w, https:\/\/akaflieg-tuebingen.de\/wp-content\/uploads\/2022\/09\/A3-300x222.jpg 300w, https:\/\/akaflieg-tuebingen.de\/wp-content\/uploads\/2022\/09\/A3-768x569.jpg 768w, https:\/\/akaflieg-tuebingen.de\/wp-content\/uploads\/2022\/09\/A3-1536x1137.jpg 1536w, https:\/\/akaflieg-tuebingen.de\/wp-content\/uploads\/2022\/09\/A3-2048x1517.jpg 2048w, https:\/\/akaflieg-tuebingen.de\/wp-content\/uploads\/2022\/09\/A3-1140x844.jpg 1140w\" sizes=\"(max-width: 1024px) 100vw, 1024px\" \/><\/figure>\n<\/div>\n<\/div>\n\n\n\n<hr class=\"wp-block-separator has-css-opacity is-style-wide\"\/>\n\n\n\n<div class=\"is-layout-flex wp-container-9 wp-block-columns\">\n<div class=\"is-layout-flow wp-block-column\" style=\"flex-basis:75%\">\n<h3>Discus<\/h3>\n\n\n\n<p>Der Discus ist unser einsitziges Pendant zum DuoDiscus. Als sportliches Standardklasseflugzeug wird er haupts\u00e4chlich f\u00fcr Streckenfl\u00fcge genutzt. Dank seines einfachen Bodenhandlings kann der Discus in nur 10 Minuten zusammengebaut werden und ist damit sehr flexibel einsetzbar.<\/p>\n\n\n\n<p>Seit 2021 hat unser &#8222;AT&#8220; ein modernes Glascockpit mit Kn\u00fcppelfernbedienung.<\/p>\n\n\n\n<p><em>Hersteller: <\/em>Schempp-Hirth Flugzeugbau<\/p>\n\n\n\n<h4><em>Technische Daten <\/em>Discus<em> &#8222;AT&#8220;:<\/em><\/h4>\n\n\n\n<figure class=\"wp-block-table is-style-stripes\"><table><tbody><tr><td>Baujahr<\/td><td>1984<\/td><\/tr><tr><td>Bauweise<\/td><td>Faserverbund<\/td><\/tr><tr><td>Spannweite<\/td><td>15m<\/td><\/tr><tr><td>Leermasse<\/td><td>228kg<\/td><\/tr><tr><td>max. Flugmasse<\/td><td>525kg<\/td><\/tr><tr><td>H\u00f6chstgeschwindigkeit<\/td><td>250 km\/h<\/td><\/tr><tr><td>beste Gleitzahl<\/td><td>41<\/td><\/tr><tr><td>geringste Sinkgeschwindigkeit<\/td><td>0,59 m\/s<\/td><\/tr><\/tbody><\/table><\/figure>\n<\/div>\n\n\n\n<div class=\"is-layout-flow wp-block-column\" style=\"flex-basis:25%\">\n<figure class=\"wp-block-image size-large\"><img decoding=\"async\" loading=\"lazy\" width=\"1024\" height=\"683\" src=\"https:\/\/akaflieg-tuebingen.de\/wp-content\/uploads\/2023\/05\/AT-1024x683.jpg\" alt=\"\" class=\"wp-image-429\" srcset=\"https:\/\/akaflieg-tuebingen.de\/wp-content\/uploads\/2023\/05\/AT-1024x683.jpg 1024w, https:\/\/akaflieg-tuebingen.de\/wp-content\/uploads\/2023\/05\/AT-300x200.jpg 300w, https:\/\/akaflieg-tuebingen.de\/wp-content\/uploads\/2023\/05\/AT-768x512.jpg 768w, https:\/\/akaflieg-tuebingen.de\/wp-content\/uploads\/2023\/05\/AT-1536x1024.jpg 1536w, https:\/\/akaflieg-tuebingen.de\/wp-content\/uploads\/2023\/05\/AT-2048x1365.jpg 2048w, https:\/\/akaflieg-tuebingen.de\/wp-content\/uploads\/2023\/05\/AT-1140x760.jpg 1140w\" sizes=\"(max-width: 1024px) 100vw, 1024px\" \/><\/figure>\n<\/div>\n<\/div>\n\n\n\n<hr class=\"wp-block-separator has-css-opacity is-style-wide\"\/>\n\n\n\n<div class=\"is-layout-flex wp-container-12 wp-block-columns\">\n<div class=\"is-layout-flow wp-block-column\" style=\"flex-basis:75%\">\n<h3>K 8<\/h3>\n\n\n\n<p>Die &#8222;Kate&#8220; ist mit Baujahr 1959 unser \u00e4ltestes Flugzeug. Ihre gutm\u00fctigen Flugeigenschaften machen sie zum perfekten Einsitzer f\u00fcr die Schulung. Nur wenige Fl\u00fcge nach dem ersten Alleinflug d\u00fcrfen Flugsch\u00fcler auf die K8 umsteigen. Auch unter Scheinpiloten hat sie einige Liebhaber, besonders mit der offenen Haube (als Cabrio) vermittelt sie ein einzigartiges Fluggef\u00fchl.<\/p>\n\n\n\n<p><em>Hersteller: <\/em>Alexander Schleicher Segelflugzeugbau<\/p>\n\n\n\n<h4><em>Technische Daten K 8<\/em><em>:<\/em><\/h4>\n\n\n\n<figure class=\"wp-block-table is-style-stripes\"><table><tbody><tr><td>Baujahr<\/td><td>1959<\/td><\/tr><tr><td>Bauweise<\/td><td>Gemischt<\/td><\/tr><tr><td>Spannweite<\/td><td>15m<\/td><\/tr><tr><td>Leermasse<\/td><td>190kg<\/td><\/tr><tr><td>max. Flugmasse<\/td><td>310kg<\/td><\/tr><tr><td>H\u00f6chstgeschwindigkeit<\/td><td>190 km\/h<\/td><\/tr><tr><td>beste Gleitzahl<\/td><td>25<\/td><\/tr><tr><td>geringste Sinkgeschwindigkeit<\/td><td>0,65 m\/s<\/td><\/tr><\/tbody><\/table><\/figure>\n<\/div>\n\n\n\n<div class=\"is-layout-flow wp-block-column\" style=\"flex-basis:25%\">\n<figure class=\"wp-block-image size-large\"><img decoding=\"async\" loading=\"lazy\" width=\"1024\" height=\"683\" src=\"https:\/\/akaflieg-tuebingen.de\/wp-content\/uploads\/2024\/04\/DSCF5116-1024x683.jpeg\" alt=\"\" class=\"wp-image-450\" srcset=\"https:\/\/akaflieg-tuebingen.de\/wp-content\/uploads\/2024\/04\/DSCF5116-1024x683.jpeg 1024w, https:\/\/akaflieg-tuebingen.de\/wp-content\/uploads\/2024\/04\/DSCF5116-300x200.jpeg 300w, https:\/\/akaflieg-tuebingen.de\/wp-content\/uploads\/2024\/04\/DSCF5116-768x512.jpeg 768w, https:\/\/akaflieg-tuebingen.de\/wp-content\/uploads\/2024\/04\/DSCF5116-1536x1024.jpeg 1536w, https:\/\/akaflieg-tuebingen.de\/wp-content\/uploads\/2024\/04\/DSCF5116-2048x1365.jpeg 2048w, https:\/\/akaflieg-tuebingen.de\/wp-content\/uploads\/2024\/04\/DSCF5116-1140x760.jpeg 1140w\" sizes=\"(max-width: 1024px) 100vw, 1024px\" \/><\/figure>\n<\/div>\n<\/div>\n\n\n\n<hr class=\"wp-block-separator has-css-opacity is-style-wide\"\/>\n\n\n\n<div class=\"is-layout-flex wp-container-15 wp-block-columns\">\n<div class=\"is-layout-flow wp-block-column\" style=\"flex-basis:75%\">\n<h3>Roland Z602-600<\/h3>\n\n\n\n<p>Die Z602 ist ein zweisitziges Ultraleichtflugzeug in Blechbauweise. Sie wird zur UL-Schulung, f\u00fcr Rundfl\u00fcge und zum Schleppen eingesetzt.<\/p>\n\n\n\n<p><em>Hersteller:<\/em> Roland Aircraft<\/p>\n\n\n\n<h4><em>Technische Daten Z602 &#8222;D-MYSA&#8220;<\/em><em>:<\/em><\/h4>\n\n\n\n<figure class=\"wp-block-table is-style-stripes\"><table><tbody><tr><td>Baujahr<\/td><td>2008<\/td><\/tr><tr><td>Bauweise<\/td><td>Blech<\/td><\/tr><tr><td>Spannweite<\/td><td>8,19m<\/td><\/tr><tr><td>Leermasse<\/td><td>331kg<\/td><\/tr><tr><td>max. Flugmasse<\/td><td>600kg<\/td><\/tr><tr><td>H\u00f6chstgeschwindigkeit<\/td><td>243 km\/h<\/td><\/tr><tr><td>Reisegeschwindigkeit<\/td><td>200 km\/h<\/td><\/tr><tr><td>Motorleistung<\/td><td>100 PS<\/td><\/tr><\/tbody><\/table><\/figure>\n<\/div>\n\n\n\n<div class=\"is-layout-flow wp-block-column\" style=\"flex-basis:25%\">\n<figure class=\"wp-block-image size-large\"><img decoding=\"async\" loading=\"lazy\" width=\"2560\" height=\"1920\" src=\"https:\/\/akaflieg-tuebingen.de\/wp-content\/uploads\/2026\/03\/IMG-20250411-WA0027-edited-scaled.jpg\" alt=\"\" class=\"wp-image-550\" srcset=\"https:\/\/akaflieg-tuebingen.de\/wp-content\/uploads\/2026\/03\/IMG-20250411-WA0027-edited-scaled.jpg 2560w, https:\/\/akaflieg-tuebingen.de\/wp-content\/uploads\/2026\/03\/IMG-20250411-WA0027-edited-300x225.jpg 300w, https:\/\/akaflieg-tuebingen.de\/wp-content\/uploads\/2026\/03\/IMG-20250411-WA0027-edited-1024x768.jpg 1024w, https:\/\/akaflieg-tuebingen.de\/wp-content\/uploads\/2026\/03\/IMG-20250411-WA0027-edited-768x576.jpg 768w, https:\/\/akaflieg-tuebingen.de\/wp-content\/uploads\/2026\/03\/IMG-20250411-WA0027-edited-1536x1152.jpg 1536w, https:\/\/akaflieg-tuebingen.de\/wp-content\/uploads\/2026\/03\/IMG-20250411-WA0027-edited-2048x1536.jpg 2048w, https:\/\/akaflieg-tuebingen.de\/wp-content\/uploads\/2026\/03\/IMG-20250411-WA0027-edited-1140x855.jpg 1140w\" sizes=\"(max-width: 2560px) 100vw, 2560px\" \/><\/figure>\n<\/div>\n<\/div>\n\n\n\n<div class=\"is-layout-flex wp-container-18 wp-block-columns\">\n<div class=\"is-layout-flow wp-block-column\" style=\"flex-basis:66.66%\">\n<h2>Winde<\/h2>\n\n\n\n<p>Unsere Doppetrommelwinde bef\u00f6rdert dank 14 Liter V8 Dieselmotor zuverl\u00e4ssig und schnell die Segelflugzeuge in die Luft. Mit leichten Kunststoffseilen und \u00fcber 1000m Seill\u00e4nge lassen sich gute Schlepph\u00f6hen erzielen.<\/p>\n<\/div>\n\n\n\n<div class=\"is-layout-flow wp-block-column\" style=\"flex-basis:33.33%\">\n<figure class=\"wp-block-image size-large\"><img decoding=\"async\" loading=\"lazy\" width=\"1024\" height=\"768\" src=\"https:\/\/akaflieg-tuebingen.de\/wp-content\/uploads\/2024\/04\/DSCF4872-1024x768.jpeg\" alt=\"\" class=\"wp-image-514\" srcset=\"https:\/\/akaflieg-tuebingen.de\/wp-content\/uploads\/2024\/04\/DSCF4872-1024x768.jpeg 1024w, https:\/\/akaflieg-tuebingen.de\/wp-content\/uploads\/2024\/04\/DSCF4872-300x225.jpeg 300w, https:\/\/akaflieg-tuebingen.de\/wp-content\/uploads\/2024\/04\/DSCF4872-768x576.jpeg 768w, https:\/\/akaflieg-tuebingen.de\/wp-content\/uploads\/2024\/04\/DSCF4872-1536x1152.jpeg 1536w, https:\/\/akaflieg-tuebingen.de\/wp-content\/uploads\/2024\/04\/DSCF4872-2048x1536.jpeg 2048w, https:\/\/akaflieg-tuebingen.de\/wp-content\/uploads\/2024\/04\/DSCF4872-1140x855.jpeg 1140w\" sizes=\"(max-width: 1024px) 100vw, 1024px\" \/><\/figure>\n<\/div>\n<\/div>\n\n\n\n<div class=\"is-layout-flex wp-container-21 wp-block-columns\">\n<div class=\"is-layout-flow wp-block-column\" style=\"flex-basis:66.66%\">\n<h2>Lepo<\/h2>\n\n\n\n<p>Mehrzweckfahrzeug zum Windenseile zur\u00fcckholen, Flugzeuge \u00fcber den Platz ziehen, Kaffee holen und Autofahren lernen \ud83d\ude09<\/p>\n<\/div>\n\n\n\n<div class=\"is-layout-flow wp-block-column\" style=\"flex-basis:33.33%\">\n<figure class=\"wp-block-image size-large\"><img decoding=\"async\" loading=\"lazy\" width=\"1024\" height=\"683\" src=\"https:\/\/akaflieg-tuebingen.de\/wp-content\/uploads\/2024\/04\/DSCF4674-1024x683.jpeg\" alt=\"\" class=\"wp-image-466\" srcset=\"https:\/\/akaflieg-tuebingen.de\/wp-content\/uploads\/2024\/04\/DSCF4674-1024x683.jpeg 1024w, https:\/\/akaflieg-tuebingen.de\/wp-content\/uploads\/2024\/04\/DSCF4674-300x200.jpeg 300w, https:\/\/akaflieg-tuebingen.de\/wp-content\/uploads\/2024\/04\/DSCF4674-768x512.jpeg 768w, https:\/\/akaflieg-tuebingen.de\/wp-content\/uploads\/2024\/04\/DSCF4674-1536x1024.jpeg 1536w, https:\/\/akaflieg-tuebingen.de\/wp-content\/uploads\/2024\/04\/DSCF4674-2048x1365.jpeg 2048w, https:\/\/akaflieg-tuebingen.de\/wp-content\/uploads\/2024\/04\/DSCF4674-1140x760.jpeg 1140w\" sizes=\"(max-width: 1024px) 100vw, 1024px\" \/><\/figure>\n<\/div>\n<\/div>\n","protected":false},"excerpt":{"rendered":"<p>DuoDiscus XLT Der Duo-Discus XLT ist unser Hochleistungsdoppelsitzer f\u00fcr Streckenfl\u00fcge und \u00dcberlandschulung. Mit eingebauter Heimkehrhilfe und viel Platz im Cockpit l\u00e4dt er zu ausgedehnten Fl\u00fcgen ein. An guten Tagen fliegt unser Duo auch mal \u00fcber 1000km! Hersteller: Schempp-Hirth Flugzeugbau Technische Daten DuoDiscus XLT &#8222;UE&#8220;: Baujahr 2019 Bauweise Faserverbund Spannweite 20m Leermasse 410kg max. Flugmasse 700kg H\u00f6chstgeschwindigkeit 250 km\/h beste Gleitzahl 45 geringste Sinkgeschwindigkeit 0,58 m\/s ASK 21 Die &#8222;21&#8220; ist bei uns als Arbeitstier f\u00fcr Schulung, Kunstflug und Gastfl\u00fcge im Einsatz. Ihre angenehm einfachen Flugeigenschaften machen sie auch bei erfahrenen Piloten zu einem beliebten Flugzeug f\u00fcr Spa\u00dffl\u00fcge. Mit \u00fcber 900 gebauten Exemplaren geh\u00f6rt sie zu den erfolgreichsten Schulflugzeugen und ist auf fast jedem Segelflugplatz zu finden. Hersteller: Alexander Schleicher Segelflugzeugbau Technische Daten ASK21 &#8222;A3&#8220;: Baujahr 19xx Bauweise Faserverbund Spannweite 17m Leermasse 360kg max. Flugmasse 600kg H\u00f6chstgeschwindigkeit 280 km\/h beste Gleitzahl 33,5 geringste Sinkgeschwindigkeit 0,65 m\/s Discus Der Discus ist unser einsitziges Pendant zum DuoDiscus. Als sportliches Standardklasseflugzeug wird er haupts\u00e4chlich f\u00fcr Streckenfl\u00fcge genutzt. Dank seines einfachen Bodenhandlings kann der Discus in nur 10 Minuten zusammengebaut werden und ist damit sehr flexibel einsetzbar. Seit 2021 hat unser &#8222;AT&#8220; ein modernes Glascockpit mit Kn\u00fcppelfernbedienung. Hersteller: Schempp-Hirth Flugzeugbau Technische Daten Discus &#8222;AT&#8220;: Baujahr 1984 Bauweise Faserverbund Spannweite 15m Leermasse 228kg max. Flugmasse 525kg H\u00f6chstgeschwindigkeit 250 km\/h beste Gleitzahl 41 geringste Sinkgeschwindigkeit 0,59 m\/s K 8 Die &#8222;Kate&#8220; ist mit Baujahr 1959 unser \u00e4ltestes Flugzeug. Ihre gutm\u00fctigen Flugeigenschaften machen sie zum perfekten Einsitzer f\u00fcr die Schulung. Nur wenige Fl\u00fcge nach dem ersten Alleinflug d\u00fcrfen Flugsch\u00fcler auf die K8 umsteigen. Auch unter Scheinpiloten hat sie einige Liebhaber, besonders mit der offenen Haube (als Cabrio) vermittelt sie ein einzigartiges Fluggef\u00fchl. Hersteller: Alexander Schleicher Segelflugzeugbau Technische Daten K 8: Baujahr 1959 Bauweise Gemischt Spannweite 15m Leermasse 190kg max. Flugmasse 310kg H\u00f6chstgeschwindigkeit 190 km\/h beste Gleitzahl 25 geringste Sinkgeschwindigkeit 0,65 m\/s Roland Z602-600 Die Z602 ist ein zweisitziges Ultraleichtflugzeug in Blechbauweise. Sie wird zur UL-Schulung, f\u00fcr Rundfl\u00fcge und zum Schleppen eingesetzt. Hersteller: Roland Aircraft Technische Daten Z602 &#8222;D-MYSA&#8220;: Baujahr 2008 Bauweise Blech Spannweite 8,19m Leermasse 331kg max. Flugmasse 600kg H\u00f6chstgeschwindigkeit 243 km\/h Reisegeschwindigkeit 200 km\/h Motorleistung 100 PS Winde Unsere Doppetrommelwinde bef\u00f6rdert dank 14 Liter V8 Dieselmotor zuverl\u00e4ssig und schnell die Segelflugzeuge in die Luft. Mit leichten Kunststoffseilen und \u00fcber 1000m Seill\u00e4nge lassen sich gute Schlepph\u00f6hen erzielen. Lepo Mehrzweckfahrzeug zum Windenseile zur\u00fcckholen, Flugzeuge \u00fcber den Platz ziehen, Kaffee holen und Autofahren lernen \ud83d\ude09<\/p>\n","protected":false},"author":1,"featured_media":0,"parent":0,"menu_order":0,"comment_status":"closed","ping_status":"closed","template":"","meta":[],"acf":[],"_links":{"self":[{"href":"https:\/\/akaflieg-tuebingen.de\/index.php\/wp-json\/wp\/v2\/pages\/33"}],"collection":[{"href":"https:\/\/akaflieg-tuebingen.de\/index.php\/wp-json\/wp\/v2\/pages"}],"about":[{"href":"https:\/\/akaflieg-tuebingen.de\/index.php\/wp-json\/wp\/v2\/types\/page"}],"author":[{"embeddable":true,"href":"https:\/\/akaflieg-tuebingen.de\/index.php\/wp-json\/wp\/v2\/users\/1"}],"replies":[{"embeddable":true,"href":"https:\/\/akaflieg-tuebingen.de\/index.php\/wp-json\/wp\/v2\/comments?post=33"}],"version-history":[{"count":22,"href":"https:\/\/akaflieg-tuebingen.de\/index.php\/wp-json\/wp\/v2\/pages\/33\/revisions"}],"predecessor-version":[{"id":551,"href":"https:\/\/akaflieg-tuebingen.de\/index.php\/wp-json\/wp\/v2\/pages\/33\/revisions\/551"}],"wp:attachment":[{"href":"https:\/\/akaflieg-tuebingen.de\/index.php\/wp-json\/wp\/v2\/media?parent=33"}],"curies":[{"name":"wp","href":"https:\/\/api.w.org\/{rel}","templated":true}]}}