{"id":156,"date":"2021-10-29T13:16:13","date_gmt":"2021-10-29T13:16:13","guid":{"rendered":"https:\/\/campus-tuebingen.de\/?page_id=156"},"modified":"2022-10-21T16:53:48","modified_gmt":"2022-10-21T16:53:48","slug":"pilot-werden","status":"publish","type":"page","link":"https:\/\/akaflieg-tuebingen.de\/index.php\/pilot-werden\/","title":{"rendered":"Pilot werden"},"content":{"rendered":"\n<div class=\"is-layout-flex wp-container-3 wp-block-columns\">\n<div class=\"is-layout-flow wp-block-column\" style=\"flex-basis:80%\">\n<h3>Vorraussetzungen<\/h3>\n\n\n\n<p>Wie wird man Segelflieger? Ganz einfach, man kommt mal an einem Wochenende auf den <a href=\"http:\/\/akaflieg-tuebingen.de\/akaflieg\/design_2\/aka.php?mode=flugplatz\">&#8222;\u00dcbersberg&#8220;<\/a> und macht einen Schnupperflug in einem unserer Doppelsitzer. Danach ist man dann so begeistert, dass man sofort in die Akaflieg eintritt. Sobald Du alle Formulare unterschrieben hast (ganz ohne B\u00fcrokratie geht es auch bei uns nicht), kannst Du mit der Ausbildung anfangen.<\/p>\n\n\n\n<p>Formale Voraussetzung f\u00fcr die Segelflugausbildung ist ein Mindestalter von 14 Jahren und eine Untersuchung durch einen Fliegerarzt. Dieses flieger\u00e4rztliche Tauglichkeitszeugnis ist vor dem ersten Alleinflug bzw. 4 Wochen nach Ausbildungsbeginn zu erbringen. F\u00fcr einen normal gesunden Menschen ist diese Untersuchung kein Problem, lediglich stark kurz- oder weitsichtige Brillentr\u00e4ger sollten sich genauer nach den geforderten &#8218;Mindestsichtbedingungen&#8216; erkundigen.<\/p>\n\n\n\n<h3>Ausbildung in 3 Phasen<\/h3>\n\n\n\n<p>Die Ausbildung zum Segelflieger findet in drei Phasen statt. Fliegen lernen ist wie Laufen lernen. Beim Fliegen kommt eine neue Dimension hinzu, die es zu beherrschen gilt. Wir bewegen uns nun mehr oder weniger frei in einem dreidimensionalen Raum. Unser Kleinhirn muss viele neue Bewegungsabl\u00e4ufe erlernen und dauerhaft abspeichern. Deshalb ist es sehr wichtig, regelm\u00e4\u00dfig am Schulbetrieb an den Wochenenden teilzunehmen: also fliegen, fliegen, fliegen. Alle drei Abschnitte werden bei uns im Verein durchgef\u00fchrt.<\/p>\n\n\n\n<h3>Phase I: Fliegerische Grundlagen erlernen<\/h3>\n\n\n\n<p>Man braucht keinerlei theoretische oder praktische Vorkenntnisse. Nach einer kurzen Einweisung am Boden setzt man sich mit einem unserer Fluglehrer in die ASK 21 und fliegt. W\u00e4hrend der ersten paar Starts erlernt man die Wirkung der einzelnen Ruder und bekommt ein Gef\u00fchl f\u00fcr das Flugzeug und die dreidimensionale Bewegung in der Luft. Mit der Zeit \u00fcbernimmt man dann immer mehr Phasen des Fluges, der Fluglehrer sitzt quasi nur noch als Ballast mit im Flugzeug. Das theoretische Grundwissen, das Du am Anfang ben\u00f6tigst, lernst Du beim Fliegen selbst. Oder der Fluglehrer erkl\u00e4rt Dir mal was beim Zur\u00fcckschieben des Flugzeugs nach der Landung.<br><br>Nach ca. 40 bis 60 Starts ist es dann meist soweit: man hat mehrere Fl\u00fcge hintereinander ohne Hilfe des Fluglehrers durchgef\u00fchrt. Nach einer \u00dcberpr\u00fcfung durch einen zweiten Fluglehrer startest Du zu Deinem ersten Alleinflug. <\/p>\n\n\n\n<h3>Phase II: Flugerfahrung sammeln, Thermik fliegen<\/h3>\n\n\n\n<p>Nach ein paar Alleinfl\u00fcgen auf dem Doppelsitzer schult man auf die einsitzige K8 um. In diesem Abschnitt wirst Du dann auch Deine ersten l\u00e4ngeren Thermikfl\u00fcge durchf\u00fchren und Deine Flugtechnik weiter verfeinern. Wenn Du ein paar Stunden mit der K8 geflogen bist und die Fluglehrer das Gef\u00fchl haben, dass Du die Sache im Griff hast, darfst Du auch unseren Discus &#8222;AT&#8220;, ein modernes Kunststoffflugzeug fliegen<\/p>\n\n\n\n<h3>Phase III: Streckenflug, Theorie, Vorbereitung auf die praktische und theoretische Pr\u00fcfung<\/h3>\n\n\n\n<p>Du bist nun soweit, dass Du das Fliegen an sich beherrschst. Jetzt gilt es sich f\u00fcr den ersten Allein\u00fcberlandflug (50km) vorzubereiten, um diesen dann auch erfolgreich durchzuf\u00fchren.<br>Der eigentliche Theorieunterricht findet im Winter in unserer Werkstatt statt. Unsere Fluglehrer geben Unterricht in den F\u00e4chern Luftrecht, Technik, Meteorologie, Navigation, Menschliches Leistungsverm\u00f6gen und Verhalten in besonderen F\u00e4llen.<\/p>\n\n\n\n<h3>Das Ziel: die &#8218;Segelflugpilotenlizenz&#8216; oder auch SPL<\/h3>\n\n\n\n<p>Nach meist zwei bis drei Jahren hast Du dann alle Voraussetzungen erf\u00fcllt, um den Flugschein zu machen. Dazu ist eine theoretische Pr\u00fcfung beim Regierungspr\u00e4sidium und eine praktische Pr\u00fcfung notwendig. Bei der praktischen Pr\u00fcfung musst du einen Pr\u00fcfer drei mal sicher um den Flugplatz fliegen, was nach der Ausbildung, die du bei uns genossen hast, kein Problem darstellt. Danach bist Du dann stolzer Besitzer einer &#8218;Segelflugpilotenlizenz&#8216;, kurz SPL.<\/p>\n\n\n\n<p>Als Scheinpilot f\u00e4ngt dann Deine Fliegerkarriere erst richtig an: Erste \u00dcberlandfl\u00fcge mit den sich dann automatisch ergebenden Au\u00dfenlandungen, Umschulung auf neue Flugzeugtypen, Segelflugwettbewerbe, Fl\u00fcge in die Alpen, usw. Die Liste l\u00e4sst sich im Prinzip beliebig fortsetzen.<\/p>\n\n\n\n<p><\/p>\n\n\n\n<p>Umfassende Informationen zu allen Themen des Segelfliegens findest du <a href=\"https:\/\/www.segelfliegengrundausbildung.de\/index.php\" data-type=\"URL\" data-id=\"https:\/\/www.segelfliegengrundausbildung.de\/index.php\">hier<\/a>.<\/p>\n<\/div>\n\n\n\n<div class=\"is-layout-flow wp-block-column\" style=\"flex-basis:20.3%\">\n<figure class=\"wp-block-image size-large\"><img decoding=\"async\" loading=\"lazy\" width=\"1003\" height=\"752\" src=\"https:\/\/campus-tuebingen.de\/wp-content\/uploads\/2021\/05\/img_5910_2.jpg\" alt=\"\" class=\"wp-image-68\" srcset=\"https:\/\/akaflieg-tuebingen.de\/wp-content\/uploads\/2021\/05\/img_5910_2.jpg 1003w, https:\/\/akaflieg-tuebingen.de\/wp-content\/uploads\/2021\/05\/img_5910_2-300x225.jpg 300w, https:\/\/akaflieg-tuebingen.de\/wp-content\/uploads\/2021\/05\/img_5910_2-768x576.jpg 768w\" sizes=\"(max-width: 1003px) 100vw, 1003px\" \/><\/figure>\n\n\n\n<figure class=\"wp-block-image size-large\"><img decoding=\"async\" loading=\"lazy\" width=\"1024\" height=\"683\" src=\"https:\/\/campus-tuebingen.de\/wp-content\/uploads\/2021\/05\/IMG_8194_2-1024x683.jpg\" alt=\"\" class=\"wp-image-75\" srcset=\"https:\/\/akaflieg-tuebingen.de\/wp-content\/uploads\/2021\/05\/IMG_8194_2-1024x683.jpg 1024w, https:\/\/akaflieg-tuebingen.de\/wp-content\/uploads\/2021\/05\/IMG_8194_2-300x200.jpg 300w, https:\/\/akaflieg-tuebingen.de\/wp-content\/uploads\/2021\/05\/IMG_8194_2-768x512.jpg 768w, https:\/\/akaflieg-tuebingen.de\/wp-content\/uploads\/2021\/05\/IMG_8194_2.jpg 1127w\" sizes=\"(max-width: 1024px) 100vw, 1024px\" \/><\/figure>\n\n\n\n<div style=\"height:139px\" aria-hidden=\"true\" class=\"wp-block-spacer\"><\/div>\n\n\n\n<figure class=\"wp-block-image size-large\"><img decoding=\"async\" loading=\"lazy\" width=\"1024\" height=\"758\" src=\"https:\/\/campus-tuebingen.de\/wp-content\/uploads\/2022\/09\/A3-1-1024x758.jpg\" alt=\"\" class=\"wp-image-192\" srcset=\"https:\/\/akaflieg-tuebingen.de\/wp-content\/uploads\/2022\/09\/A3-1-1024x758.jpg 1024w, https:\/\/akaflieg-tuebingen.de\/wp-content\/uploads\/2022\/09\/A3-1-300x222.jpg 300w, https:\/\/akaflieg-tuebingen.de\/wp-content\/uploads\/2022\/09\/A3-1-768x569.jpg 768w, https:\/\/akaflieg-tuebingen.de\/wp-content\/uploads\/2022\/09\/A3-1-1536x1137.jpg 1536w, https:\/\/akaflieg-tuebingen.de\/wp-content\/uploads\/2022\/09\/A3-1-2048x1517.jpg 2048w, https:\/\/akaflieg-tuebingen.de\/wp-content\/uploads\/2022\/09\/A3-1-1140x844.jpg 1140w\" sizes=\"(max-width: 1024px) 100vw, 1024px\" \/><\/figure>\n\n\n\n<div style=\"height:79px\" aria-hidden=\"true\" class=\"wp-block-spacer\"><\/div>\n\n\n\n<figure class=\"wp-block-image size-large\"><img decoding=\"async\" loading=\"lazy\" width=\"1024\" height=\"656\" src=\"https:\/\/campus-tuebingen.de\/wp-content\/uploads\/2022\/09\/IMG_20220625_180841-1024x656.jpg\" alt=\"\" class=\"wp-image-199\" srcset=\"https:\/\/akaflieg-tuebingen.de\/wp-content\/uploads\/2022\/09\/IMG_20220625_180841-1024x656.jpg 1024w, https:\/\/akaflieg-tuebingen.de\/wp-content\/uploads\/2022\/09\/IMG_20220625_180841-300x192.jpg 300w, https:\/\/akaflieg-tuebingen.de\/wp-content\/uploads\/2022\/09\/IMG_20220625_180841-768x492.jpg 768w, https:\/\/akaflieg-tuebingen.de\/wp-content\/uploads\/2022\/09\/IMG_20220625_180841-1536x984.jpg 1536w, https:\/\/akaflieg-tuebingen.de\/wp-content\/uploads\/2022\/09\/IMG_20220625_180841-1140x730.jpg 1140w, https:\/\/akaflieg-tuebingen.de\/wp-content\/uploads\/2022\/09\/IMG_20220625_180841.jpg 2000w\" sizes=\"(max-width: 1024px) 100vw, 1024px\" \/><\/figure>\n<\/div>\n<\/div>\n","protected":false},"excerpt":{"rendered":"<p>Vorraussetzungen Wie wird man Segelflieger? Ganz einfach, man kommt mal an einem Wochenende auf den &#8222;\u00dcbersberg&#8220; und macht einen Schnupperflug in einem unserer Doppelsitzer. Danach ist man dann so begeistert, dass man sofort in die Akaflieg eintritt. Sobald Du alle Formulare unterschrieben hast (ganz ohne B\u00fcrokratie geht es auch bei uns nicht), kannst Du mit der Ausbildung anfangen. Formale Voraussetzung f\u00fcr die Segelflugausbildung ist ein Mindestalter von 14 Jahren und eine Untersuchung durch einen Fliegerarzt. Dieses flieger\u00e4rztliche Tauglichkeitszeugnis ist vor dem ersten Alleinflug bzw. 4 Wochen nach Ausbildungsbeginn zu erbringen. F\u00fcr einen normal gesunden Menschen ist diese Untersuchung kein Problem, lediglich stark kurz- oder weitsichtige Brillentr\u00e4ger sollten sich genauer nach den geforderten &#8218;Mindestsichtbedingungen&#8216; erkundigen. Ausbildung in 3 Phasen Die Ausbildung zum Segelflieger findet in drei Phasen statt. Fliegen lernen ist wie Laufen lernen. Beim Fliegen kommt eine neue Dimension hinzu, die es zu beherrschen gilt. Wir bewegen uns nun mehr oder weniger frei in einem dreidimensionalen Raum. Unser Kleinhirn muss viele neue Bewegungsabl\u00e4ufe erlernen und dauerhaft abspeichern. Deshalb ist es sehr wichtig, regelm\u00e4\u00dfig am Schulbetrieb an den Wochenenden teilzunehmen: also fliegen, fliegen, fliegen. Alle drei Abschnitte werden bei uns im Verein durchgef\u00fchrt. Phase I: Fliegerische Grundlagen erlernen Man braucht keinerlei theoretische oder praktische Vorkenntnisse. Nach einer kurzen Einweisung am Boden setzt man sich mit einem unserer Fluglehrer in die ASK 21 und fliegt. W\u00e4hrend der ersten paar Starts erlernt man die Wirkung der einzelnen Ruder und bekommt ein Gef\u00fchl f\u00fcr das Flugzeug und die dreidimensionale Bewegung in der Luft. Mit der Zeit \u00fcbernimmt man dann immer mehr Phasen des Fluges, der Fluglehrer sitzt quasi nur noch als Ballast mit im Flugzeug. Das theoretische Grundwissen, das Du am Anfang ben\u00f6tigst, lernst Du beim Fliegen selbst. Oder der Fluglehrer erkl\u00e4rt Dir mal was beim Zur\u00fcckschieben des Flugzeugs nach der Landung. Nach ca. 40 bis 60 Starts ist es dann meist soweit: man hat mehrere Fl\u00fcge hintereinander ohne Hilfe des Fluglehrers durchgef\u00fchrt. Nach einer \u00dcberpr\u00fcfung durch einen zweiten Fluglehrer startest Du zu Deinem ersten Alleinflug. Phase II: Flugerfahrung sammeln, Thermik fliegen Nach ein paar Alleinfl\u00fcgen auf dem Doppelsitzer schult man auf die einsitzige K8 um. In diesem Abschnitt wirst Du dann auch Deine ersten l\u00e4ngeren Thermikfl\u00fcge durchf\u00fchren und Deine Flugtechnik weiter verfeinern. Wenn Du ein paar Stunden mit der K8 geflogen bist und die Fluglehrer das Gef\u00fchl haben, dass Du die Sache im Griff hast, darfst Du auch unseren Discus &#8222;AT&#8220;, ein modernes Kunststoffflugzeug fliegen Phase III: Streckenflug, Theorie, Vorbereitung auf die praktische und theoretische Pr\u00fcfung Du bist nun soweit, dass Du das Fliegen an sich beherrschst. Jetzt gilt es sich f\u00fcr den ersten Allein\u00fcberlandflug (50km) vorzubereiten, um diesen dann auch erfolgreich durchzuf\u00fchren.Der eigentliche Theorieunterricht findet im Winter in unserer Werkstatt statt. Unsere Fluglehrer geben Unterricht in den F\u00e4chern Luftrecht, Technik, Meteorologie, Navigation, Menschliches Leistungsverm\u00f6gen und Verhalten in besonderen F\u00e4llen. Das Ziel: die &#8218;Segelflugpilotenlizenz&#8216; oder auch SPL Nach meist zwei bis drei Jahren hast Du dann alle Voraussetzungen erf\u00fcllt, um den Flugschein zu machen. Dazu ist eine theoretische Pr\u00fcfung beim Regierungspr\u00e4sidium und eine praktische Pr\u00fcfung notwendig. Bei der praktischen Pr\u00fcfung musst du einen Pr\u00fcfer drei mal sicher um den Flugplatz fliegen, was nach der Ausbildung, die du bei uns genossen hast, kein Problem darstellt. Danach bist Du dann stolzer Besitzer einer &#8218;Segelflugpilotenlizenz&#8216;, kurz SPL. Als Scheinpilot f\u00e4ngt dann Deine Fliegerkarriere erst richtig an: Erste \u00dcberlandfl\u00fcge mit den sich dann automatisch ergebenden Au\u00dfenlandungen, Umschulung auf neue Flugzeugtypen, Segelflugwettbewerbe, Fl\u00fcge in die Alpen, usw. Die Liste l\u00e4sst sich im Prinzip beliebig fortsetzen. Umfassende Informationen zu allen Themen des Segelfliegens findest du hier.<\/p>\n","protected":false},"author":1,"featured_media":0,"parent":0,"menu_order":0,"comment_status":"closed","ping_status":"closed","template":"","meta":[],"acf":[],"_links":{"self":[{"href":"https:\/\/akaflieg-tuebingen.de\/index.php\/wp-json\/wp\/v2\/pages\/156"}],"collection":[{"href":"https:\/\/akaflieg-tuebingen.de\/index.php\/wp-json\/wp\/v2\/pages"}],"about":[{"href":"https:\/\/akaflieg-tuebingen.de\/index.php\/wp-json\/wp\/v2\/types\/page"}],"author":[{"embeddable":true,"href":"https:\/\/akaflieg-tuebingen.de\/index.php\/wp-json\/wp\/v2\/users\/1"}],"replies":[{"embeddable":true,"href":"https:\/\/akaflieg-tuebingen.de\/index.php\/wp-json\/wp\/v2\/comments?post=156"}],"version-history":[{"count":8,"href":"https:\/\/akaflieg-tuebingen.de\/index.php\/wp-json\/wp\/v2\/pages\/156\/revisions"}],"predecessor-version":[{"id":376,"href":"https:\/\/akaflieg-tuebingen.de\/index.php\/wp-json\/wp\/v2\/pages\/156\/revisions\/376"}],"wp:attachment":[{"href":"https:\/\/akaflieg-tuebingen.de\/index.php\/wp-json\/wp\/v2\/media?parent=156"}],"curies":[{"name":"wp","href":"https:\/\/api.w.org\/{rel}","templated":true}]}}